{"id":637,"date":"2021-01-05T18:31:22","date_gmt":"2021-01-05T18:31:22","guid":{"rendered":"https:\/\/www.visu4l.com\/?page_id=637"},"modified":"2025-08-07T15:01:32","modified_gmt":"2025-08-07T15:01:32","slug":"about","status":"publish","type":"page","link":"https:\/\/www.visu4l.com\/en\/about\/","title":{"rendered":"about"},"content":{"rendered":"<style type=\"text\/css\" data-created_by=\"avia_inline_auto\" id=\"style-css-av-m8swmcsm-e96bd08679a4a731ea6b4fb37305ecf6\">\n.avia-section.av-m8swmcsm-e96bd08679a4a731ea6b4fb37305ecf6{\nbackground-repeat:no-repeat;\nbackground-image:url(https:\/\/www.visu4l.com\/wp-content\/uploads\/2025\/03\/studio-2025-scaled.jpg);\nbackground-position:50% 0%;\nbackground-attachment:scroll;\n}\n<\/style>\n<div id='av_section_1'  class='avia-section av-m8swmcsm-e96bd08679a4a731ea6b4fb37305ecf6 main_color avia-section-default avia-no-border-styling  avia-builder-el-0  el_before_av_section  avia-builder-el-first  av-mini-hide avia-full-stretch avia-bg-style-scroll av-minimum-height av-minimum-height-50 av-height-50  container_wrap fullsize'  data-section-bg-repeat='stretch' data-av_minimum_height_pc='50' data-av_min_height_opt='50'><div class='container av-section-cont-open' ><main  role=\"main\" itemprop=\"mainContentOfPage\"  class='template-page content  av-content-full alpha units'><div class='post-entry post-entry-type-page post-entry-637'><div class='entry-content-wrapper clearfix'>\n<\/div><\/div><\/main><!-- close content main element --><\/div><\/div>\n<style type=\"text\/css\" data-created_by=\"avia_inline_auto\" id=\"style-css-av-m8sx4u4n-79c7ecce6945e0368280f16a68aeb5a1\">\n.avia-section.av-m8sx4u4n-79c7ecce6945e0368280f16a68aeb5a1{\nbackground-repeat:no-repeat;\nbackground-image:url(https:\/\/www.visu4l.com\/wp-content\/uploads\/2025\/03\/studio-2025resp.jpg);\nbackground-position:50% 0%;\nbackground-attachment:scroll;\n}\n<\/style>\n<div id='av_section_2'  class='avia-section av-m8sx4u4n-79c7ecce6945e0368280f16a68aeb5a1 main_color avia-section-default avia-no-border-styling  avia-builder-el-1  el_after_av_section  el_before_av_one_half  av-desktop-hide av-medium-hide av-small-hide avia-full-contain avia-bg-style-scroll av-minimum-height av-minimum-height-25 av-height-25  container_wrap fullsize'  data-section-bg-repeat='contain' data-av_minimum_height_pc='25' data-av_min_height_opt='25'><div class='container av-section-cont-open' ><div class='template-page content  av-content-full alpha units'><div class='post-entry post-entry-type-page post-entry-637'><div class='entry-content-wrapper clearfix'><\/div><\/div><\/div><!-- close content main div --><\/div><\/div><div id='after_section_2'  class='main_color av_default_container_wrap container_wrap fullsize'  ><div class='container av-section-cont-open' ><div class='template-page content  av-content-full alpha units'><div class='post-entry post-entry-type-page post-entry-637'><div class='entry-content-wrapper clearfix'>\n\n<style type=\"text\/css\" data-created_by=\"avia_inline_auto\" id=\"style-css-av-8gbql-a3525d70c358570e7e7f9eaf94e87d0f\">\n.flex_column.av-8gbql-a3525d70c358570e7e7f9eaf94e87d0f{\nborder-radius:0px 0px 0px 0px;\npadding:0px 0px 0px 0px;\n}\n<\/style>\n<div  class='flex_column av-8gbql-a3525d70c358570e7e7f9eaf94e87d0f av_one_half  avia-builder-el-2  el_after_av_section  el_before_av_one_half  avia-builder-el-first  first flex_column_div av-zero-column-padding'     ><style type=\"text\/css\" data-created_by=\"avia_inline_auto\" id=\"style-css-av-llakszw1-376a8df3deea83b9fc27d3b931ecf362\">\n#top .av_textblock_section.av-llakszw1-376a8df3deea83b9fc27d3b931ecf362 .avia_textblock{\ncolor:#303030;\n}\n<\/style>\n<section  class='av_textblock_section av-llakszw1-376a8df3deea83b9fc27d3b931ecf362'   itemscope=\"itemscope\" itemtype=\"https:\/\/schema.org\/CreativeWork\" ><div class='avia_textblock av_inherit_color'  itemprop=\"text\" ><p><span style=\"font-size: 18pt;\">VISU4L studio grafico.<br \/>\n<\/span><span style=\"font-size: 18pt;\">Comunicazione visiva<\/span><\/p>\n<\/div><\/section><\/div>\n\n<style type=\"text\/css\" data-created_by=\"avia_inline_auto\" id=\"style-css-av-8ma8t-ce1cb3ddfb0c2f4b3a3d29cae3629db4\">\n.flex_column.av-8ma8t-ce1cb3ddfb0c2f4b3a3d29cae3629db4{\nborder-radius:0px 0px 0px 0px;\npadding:0px 0px 0px 0px;\n}\n<\/style>\n<div  class='flex_column av-8ma8t-ce1cb3ddfb0c2f4b3a3d29cae3629db4 av_one_half  avia-builder-el-4  el_after_av_one_half  el_before_av_one_half  flex_column_div av-zero-column-padding'     ><style type=\"text\/css\" data-created_by=\"avia_inline_auto\" id=\"style-css-av-m8sw9vue-cd7648d306c4f95f2693af3af2eebad5\">\n#top .av_textblock_section.av-m8sw9vue-cd7648d306c4f95f2693af3af2eebad5 .avia_textblock{\ncolor:#303030;\n}\n<\/style>\n<section  class='av_textblock_section av-m8sw9vue-cd7648d306c4f95f2693af3af2eebad5'   itemscope=\"itemscope\" itemtype=\"https:\/\/schema.org\/CreativeWork\" ><div class='avia_textblock av_inherit_color'  itemprop=\"text\" ><p><span style=\"font-size: 18pt;\">Se stai cercando una solida presenza nel settore del design e della comunicazione visiva, VISU4L studio grafico a Terni \u00e8 la tua risorsa strategica. Specializzato in design grafico, campagne pubblicitarie e web design, lo studio offre una vasta gamma di servizi di comunicazione per aziende di tutti i settori.<\/span><br \/>\n<span style=\"font-size: 18pt;\"> Grazie alla consolidata esperienza nel settore, VISU4L studio grafico \u00e8 in grado di fornire soluzioni personalizzate di comunicazione visiva che soddisfano le esigenze specifiche delle aziende, contribuendo ad aumentare la visibilit\u00e0 e il riconoscimento del marchio sia online che offline.<\/span><\/p>\n<p><span style=\"font-size: 18pt;\"><a href=\"https:\/\/www.visu4l.com\/en\/branding\/\">Brand identity e design:<\/a><br \/>\n<span style=\"font-size: 18pt;\">La creazione di una brand identity distintiva \u00e8 fondamentale per il successo del tuo business. Visu4l si dedica a sviluppare identit\u00e0 di marca che catturano l&#8217;essenza del tuo marchio. Lavorando a stretto contatto con te per comprendere i valori, la missione e la visione del tuo brand, Visu4l crea un&#8217;identit\u00e0 visiva che si traduce in connessioni significative con il pubblico.<\/span><\/span><\/p>\n<p><span style=\"font-size: 18pt;\"><a href=\"https:\/\/www.visu4l.com\/en\/advertising\/\">Campagne pubblicitarie multicanale<\/a>:<br \/>\n<span style=\"font-size: 18pt;\">Realizzazione di campagne pubblicitarie coinvolgenti su supporti stampati e digitali.<\/span><\/span><\/p>\n<p><span style=\"font-size: 18pt;\"><a href=\"https:\/\/www.visu4l.com\/en\/packaging\/\">Packaging<\/a>: Progettazione e design di confezioni accattivanti che si distinguono sul mercato.<\/span><\/p>\n<p><span style=\"font-size: 18pt;\"><a href=\"https:\/\/www.visu4l.com\/en\/editorial\/\">Progetti editoriali:<\/a> Progettazione di cataloghi, pubblicazioni, company profile, annual report, \u00a0brochure.<\/span><\/p>\n<p><span style=\"font-size: 18pt;\"><a href=\"https:\/\/www.visu4l.com\/en\/web-design\/\">Realizzazione siti internet<\/a>: Se stai cercando uno studio per il progetto del tuo sito web, Visu4l \u00e8 la risorsa per distinguerti nel panorama digitale. L&#8217;esperienza e la competenza nell&#8217;ambito della progettazione e sviluppo web consente di offrire soluzioni personalizzate per le tue esigenze specifiche. Affidati a Visu4l per dare vita alla tua presenza online.<\/span><\/p>\n<p><span style=\"font-size: 18pt;\"><a href=\"https:\/\/www.visu4l.com\/en\/web-design\/\">Presenza digitale<\/a>: Gestione strategica dei social media attraverso piani editoriali personalizzati e realizzazione di produzioni video aziendali per massimizzare la tua presenza online.<\/span><\/p>\n<\/div><\/section><\/div>\n\n<style type=\"text\/css\" data-created_by=\"avia_inline_auto\" id=\"style-css-av-jq3rh-b91eaa77161f8a8f34ea8d540d41e4ca\">\n.flex_column.av-jq3rh-b91eaa77161f8a8f34ea8d540d41e4ca{\nborder-radius:0px 0px 0px 0px;\npadding:0px 0px 0px 0px;\n}\n<\/style>\n<div  class='flex_column av-jq3rh-b91eaa77161f8a8f34ea8d540d41e4ca av_one_half  avia-builder-el-6  el_after_av_one_half  el_before_av_one_half  first flex_column_div av-zero-column-padding  column-top-margin'     ><style type=\"text\/css\" data-created_by=\"avia_inline_auto\" id=\"style-css-av-fchdp-94c54a4a3724c74e8464bbfcb4a5e428\">\n#top .av_textblock_section.av-fchdp-94c54a4a3724c74e8464bbfcb4a5e428 .avia_textblock{\ncolor:#303030;\n}\n<\/style>\n<section  class='av_textblock_section av-fchdp-94c54a4a3724c74e8464bbfcb4a5e428'   itemscope=\"itemscope\" itemtype=\"https:\/\/schema.org\/CreativeWork\" ><div class='avia_textblock av_inherit_color'  itemprop=\"text\" ><h3><span style=\"font-size: 18pt;\">Strategie di comunicazione<\/span><\/h3>\n<p><span style=\"font-size: 18pt;\">La branding, ovvero la creazione di un&#8217;identit\u00e0 aziendale, \u00e8 un processo fondamentale per ogni attivit\u00e0, poich\u00e9 permette di differenziarsi dai concorrenti e di creare un legame emotivo con il pubblico.<\/span><\/p>\n<p><span style=\"font-size: 18pt;\">Una identit\u00e0 visiva ben sviluppata garantisce la coerenza di tutti gli elementi visivi, come il logo, i colori, i caratteri tipografici e gli elementi grafici,\u00a0contribuendo a creare un&#8217;immagine aziendale coordinata e professionale.<\/span><\/p>\n<p><span style=\"font-size: 18pt;\">VISU4L aiuta le aziende a sviluppare una identit\u00e0 visiva forte e coerente attraverso la creazione di una strategia di comunicazione. Studia gli obiettivi e le esigenze, dunque progetta soluzioni.<\/span><\/p>\n<p><span style=\"font-size: 18pt;\">Il buon design serve a distinguersi nel mercato.<\/span><br \/>\n<span style=\"font-size: 18pt;\"> Il buon design comunica i valori aziendali.<\/span><br \/>\n<span style=\"font-size: 18pt;\"> Il buon design partecipa a creare un&#8217;immagine coerente in tutti gli aspetti del marchio, mettendo in evidenza ci\u00f2 che rende ogni prodotto attraente e unico.<\/span><\/p>\n<\/div><\/section><\/div>\n<style type=\"text\/css\" data-created_by=\"avia_inline_auto\" id=\"style-css-av-6wx51-4eb48b5e74ba691e7661240fea1226d3\">\n.flex_column.av-6wx51-4eb48b5e74ba691e7661240fea1226d3{\nborder-radius:0px 0px 0px 0px;\npadding:0px 0px 0px 0px;\n}\n<\/style>\n<div  class='flex_column av-6wx51-4eb48b5e74ba691e7661240fea1226d3 av_one_half  avia-builder-el-8  el_after_av_one_half  el_before_av_one_half  flex_column_div av-zero-column-padding  column-top-margin'     ><\/div><\/p>\n\n<style type=\"text\/css\" data-created_by=\"avia_inline_auto\" id=\"style-css-av-av_one_half-1df1b63c6c045939f2dc1aefbdd8e7ad\">\n.flex_column.av-av_one_half-1df1b63c6c045939f2dc1aefbdd8e7ad{\nborder-radius:0px 0px 0px 0px;\npadding:0px 0px 0px 0px;\n}\n<\/style>\n<div  class='flex_column av-av_one_half-1df1b63c6c045939f2dc1aefbdd8e7ad av_one_half  avia-builder-el-9  el_after_av_one_half  el_before_av_one_half  first flex_column_div av-zero-column-padding  column-top-margin'     ><\/div>\n<style type=\"text\/css\" data-created_by=\"avia_inline_auto\" id=\"style-css-av-av_one_half-862f0c8b97abc46405e90743a1c7ee0e\">\n.flex_column.av-av_one_half-862f0c8b97abc46405e90743a1c7ee0e{\nborder-radius:0px 0px 0px 0px;\npadding:0px 0px 0px 0px;\n}\n<\/style>\n<div  class='flex_column av-av_one_half-862f0c8b97abc46405e90743a1c7ee0e av_one_half  avia-builder-el-10  el_after_av_one_half  el_before_av_hr  flex_column_div av-zero-column-padding  column-top-margin'     ><style type=\"text\/css\" data-created_by=\"avia_inline_auto\" id=\"style-css-av-me1iyv7k-a0d28d84a3947cb1de22d3e639386973\">\n#top .av_textblock_section.av-me1iyv7k-a0d28d84a3947cb1de22d3e639386973 .avia_textblock{\ncolor:#303030;\n}\n<\/style>\n<section  class='av_textblock_section av-me1iyv7k-a0d28d84a3947cb1de22d3e639386973'   itemscope=\"itemscope\" itemtype=\"https:\/\/schema.org\/CreativeWork\" ><div class='avia_textblock av_inherit_color'  itemprop=\"text\" ><p><span style=\"font-size: 18pt;\">VISU4L was founded from the experience of Giuseppe Berni, a graphic designer specialized in developing visual identities built on effective communication strategies. Each project takes shape through a careful analysis of context, objectives, and brand values, translating \u2014 in a coherent and distinctive way \u2014 what makes every reality unique into visual form.<\/span><\/p>\n<\/div><\/section><\/div><div  class='hr av-l1kt9fgb-3b27fad2b57635a6f340b3abab5e5eb9 hr-full  avia-builder-el-12  el_after_av_one_half  el_before_av_textblock  hr-no-shadow'><span class='hr-inner'><span class=\"hr-inner-style\"><\/span><\/span><\/div><\/p>\n\n<style type=\"text\/css\" data-created_by=\"avia_inline_auto\" id=\"style-css-av-l1kt3a8o-437b3f2a1ad6b48bf49b7f45c5ee5b3c\">\n#top .av_textblock_section.av-l1kt3a8o-437b3f2a1ad6b48bf49b7f45c5ee5b3c .avia_textblock{\ncolor:#3f3f3f;\n}\n<\/style>\n<section  class='av_textblock_section av-l1kt3a8o-437b3f2a1ad6b48bf49b7f45c5ee5b3c'   itemscope=\"itemscope\" itemtype=\"https:\/\/schema.org\/CreativeWork\" ><div class='avia_textblock av_inherit_color'  itemprop=\"text\" ><p>Clienti<\/p>\n<\/div><\/section>\n<div  class='flex_column av-70ucd-05d0b662a0c971be58f8b19386a924d5 av_one_full  avia-builder-el-14  el_after_av_textblock  avia-builder-el-last  first flex_column_div  column-top-margin'     ><p>\n<style type=\"text\/css\" data-created_by=\"avia_inline_auto\" id=\"style-css-av-lpvebvq2-4a0f956ab9d0d8efe8912df744b4deda\">\n.avia-image-container.av-lpvebvq2-4a0f956ab9d0d8efe8912df744b4deda img.avia_image{\nbox-shadow:none;\n}\n.avia-image-container.av-lpvebvq2-4a0f956ab9d0d8efe8912df744b4deda .av-image-caption-overlay-center{\ncolor:#ffffff;\n}\n<\/style>\n<div  class='avia-image-container av-lpvebvq2-4a0f956ab9d0d8efe8912df744b4deda av-styling- avia-align-center  avia-builder-el-15  el_before_av_image  avia-builder-el-first  av-small-hide av-mini-hide'   itemprop=\"image\" itemscope=\"itemscope\" itemtype=\"https:\/\/schema.org\/ImageObject\" ><div class=\"avia-image-container-inner\"><div class=\"avia-image-overlay-wrap\"><img fetchpriority=\"high\" class='wp-image-3121 avia-img-lazy-loading-not-3121 avia_image' src='https:\/\/www.visu4l.com\/wp-content\/uploads\/2023\/12\/loghi-sito-VISU4-about.png' alt='' title='loghi-sito-VISU4-about'  height=\"2270\" width=\"2500\"  itemprop=\"thumbnailUrl\"  \/><\/div><\/div><\/div><br \/>\n\n<style type=\"text\/css\" data-created_by=\"avia_inline_auto\" id=\"style-css-av-lpvelbo9-3d707befd89baf33c3c67dbd3f421992\">\n.avia-image-container.av-lpvelbo9-3d707befd89baf33c3c67dbd3f421992 img.avia_image{\nbox-shadow:none;\n}\n.avia-image-container.av-lpvelbo9-3d707befd89baf33c3c67dbd3f421992 .av-image-caption-overlay-center{\ncolor:#ffffff;\n}\n<\/style>\n<div  class='avia-image-container av-lpvelbo9-3d707befd89baf33c3c67dbd3f421992 av-styling- avia-align-center  avia-builder-el-16  el_after_av_image  avia-builder-el-last  av-desktop-hide av-medium-hide'   itemprop=\"image\" itemscope=\"itemscope\" itemtype=\"https:\/\/schema.org\/ImageObject\" ><div class=\"avia-image-container-inner\"><div class=\"avia-image-overlay-wrap\"><img fetchpriority=\"high\" class='wp-image-3127 avia-img-lazy-loading-not-3127 avia_image' src='https:\/\/www.visu4l.com\/wp-content\/uploads\/2023\/12\/loghi-sito-VISU4-aboutresp.png' alt='' title='loghi-sito-VISU4-aboutresp'  height=\"2266\" width=\"1331\"  itemprop=\"thumbnailUrl\"  \/><\/div><\/div><\/div><\/p><\/div>","protected":false},"excerpt":{"rendered":"","protected":false},"author":1,"featured_media":3218,"parent":0,"menu_order":0,"comment_status":"closed","ping_status":"closed","template":"","meta":{"_monsterinsights_skip_tracking":false,"_monsterinsights_sitenote_active":false,"_monsterinsights_sitenote_note":"","_monsterinsights_sitenote_category":0,"footnotes":""},"class_list":["post-637","page","type-page","status-publish","has-post-thumbnail","hentry"],"yoast_head":"<!-- This site is optimized with the Yoast SEO plugin v27.5 - https:\/\/yoast.com\/product\/yoast-seo-wordpress\/ -->\n<title>about | Visu4l studio grafico<\/title>\n<meta name=\"description\" content=\"Visu4l - studio grafico a Terni. Strategie di comunicazione, realizzazione siti internet, brand design, logo design, advertising.\" \/>\n<meta name=\"robots\" content=\"index, follow, max-snippet:-1, max-image-preview:large, max-video-preview:-1\" \/>\n<link rel=\"canonical\" href=\"https:\/\/www.visu4l.com\/en\/about\/\" \/>\n<meta property=\"og:locale\" content=\"en_GB\" \/>\n<meta property=\"og:type\" content=\"article\" \/>\n<meta property=\"og:title\" content=\"about | Visu4l studio grafico\" \/>\n<meta property=\"og:description\" content=\"Visu4l - studio grafico a Terni. Strategie di comunicazione, realizzazione siti internet, brand design, logo design, advertising.\" \/>\n<meta property=\"og:url\" content=\"https:\/\/www.visu4l.com\/en\/about\/\" \/>\n<meta property=\"og:site_name\" content=\"Visu4l studio grafico\" \/>\n<meta property=\"article:publisher\" content=\"https:\/\/www.facebook.com\/visu4lstudio\" \/>\n<meta property=\"article:modified_time\" content=\"2025-08-07T15:01:32+00:00\" \/>\n<meta property=\"og:image\" content=\"https:\/\/www.visu4l.com\/wp-content\/uploads\/2024\/02\/Visu4l-logo-2023-696.png\" \/>\n\t<meta property=\"og:image:width\" content=\"696\" \/>\n\t<meta property=\"og:image:height\" content=\"696\" \/>\n\t<meta property=\"og:image:type\" content=\"image\/png\" \/>\n<meta name=\"twitter:card\" content=\"summary_large_image\" \/>\n<meta name=\"twitter:label1\" content=\"Estimated reading time\" \/>\n\t<meta name=\"twitter:data1\" content=\"3 minutes\" \/>\n<script type=\"application\/ld+json\" class=\"yoast-schema-graph\">{\"@context\":\"https:\\\/\\\/schema.org\",\"@graph\":[{\"@type\":\"WebPage\",\"@id\":\"https:\\\/\\\/www.visu4l.com\\\/about\\\/\",\"url\":\"https:\\\/\\\/www.visu4l.com\\\/about\\\/\",\"name\":\"about | Visu4l studio grafico\",\"isPartOf\":{\"@id\":\"https:\\\/\\\/www.visu4l.com\\\/#website\"},\"primaryImageOfPage\":{\"@id\":\"https:\\\/\\\/www.visu4l.com\\\/about\\\/#primaryimage\"},\"image\":{\"@id\":\"https:\\\/\\\/www.visu4l.com\\\/about\\\/#primaryimage\"},\"thumbnailUrl\":\"https:\\\/\\\/www.visu4l.com\\\/wp-content\\\/uploads\\\/2024\\\/02\\\/Visu4l-logo-2023-696.png\",\"datePublished\":\"2021-01-05T18:31:22+00:00\",\"dateModified\":\"2025-08-07T15:01:32+00:00\",\"description\":\"Visu4l - studio grafico a Terni. Strategie di comunicazione, realizzazione siti internet, brand design, logo design, advertising.\",\"breadcrumb\":{\"@id\":\"https:\\\/\\\/www.visu4l.com\\\/about\\\/#breadcrumb\"},\"inLanguage\":\"en-GB\",\"potentialAction\":[{\"@type\":\"ReadAction\",\"target\":[\"https:\\\/\\\/www.visu4l.com\\\/about\\\/\"]}]},{\"@type\":\"ImageObject\",\"inLanguage\":\"en-GB\",\"@id\":\"https:\\\/\\\/www.visu4l.com\\\/about\\\/#primaryimage\",\"url\":\"https:\\\/\\\/www.visu4l.com\\\/wp-content\\\/uploads\\\/2024\\\/02\\\/Visu4l-logo-2023-696.png\",\"contentUrl\":\"https:\\\/\\\/www.visu4l.com\\\/wp-content\\\/uploads\\\/2024\\\/02\\\/Visu4l-logo-2023-696.png\",\"width\":696,\"height\":696},{\"@type\":\"BreadcrumbList\",\"@id\":\"https:\\\/\\\/www.visu4l.com\\\/about\\\/#breadcrumb\",\"itemListElement\":[{\"@type\":\"ListItem\",\"position\":1,\"name\":\"Home\",\"item\":\"https:\\\/\\\/www.visu4l.com\\\/\"},{\"@type\":\"ListItem\",\"position\":2,\"name\":\"about\"}]},{\"@type\":\"WebSite\",\"@id\":\"https:\\\/\\\/www.visu4l.com\\\/#website\",\"url\":\"https:\\\/\\\/www.visu4l.com\\\/\",\"name\":\"Visu4l studio grafico\",\"description\":\"graphic design | comunicazione | web design\",\"publisher\":{\"@id\":\"https:\\\/\\\/www.visu4l.com\\\/#organization\"},\"alternateName\":\"Visu4l design\",\"potentialAction\":[{\"@type\":\"SearchAction\",\"target\":{\"@type\":\"EntryPoint\",\"urlTemplate\":\"https:\\\/\\\/www.visu4l.com\\\/?s={search_term_string}\"},\"query-input\":{\"@type\":\"PropertyValueSpecification\",\"valueRequired\":true,\"valueName\":\"search_term_string\"}}],\"inLanguage\":\"en-GB\"},{\"@type\":\"Organization\",\"@id\":\"https:\\\/\\\/www.visu4l.com\\\/#organization\",\"name\":\"VISU4L\",\"alternateName\":\"Visu4l design\",\"url\":\"https:\\\/\\\/www.visu4l.com\\\/\",\"logo\":{\"@type\":\"ImageObject\",\"inLanguage\":\"en-GB\",\"@id\":\"https:\\\/\\\/www.visu4l.com\\\/#\\\/schema\\\/logo\\\/image\\\/\",\"url\":\"https:\\\/\\\/www.visu4l.com\\\/wp-content\\\/uploads\\\/2024\\\/02\\\/Visu4l-logo-2023-696-nero.png\",\"contentUrl\":\"https:\\\/\\\/www.visu4l.com\\\/wp-content\\\/uploads\\\/2024\\\/02\\\/Visu4l-logo-2023-696-nero.png\",\"width\":696,\"height\":696,\"caption\":\"VISU4L\"},\"image\":{\"@id\":\"https:\\\/\\\/www.visu4l.com\\\/#\\\/schema\\\/logo\\\/image\\\/\"},\"sameAs\":[\"https:\\\/\\\/www.facebook.com\\\/visu4lstudio\",\"https:\\\/\\\/www.instagram.com\\\/visu4lstudio\\\/\",\"https:\\\/\\\/www.linkedin.com\\\/company\\\/80975969\\\/admin\\\/\",\"https:\\\/\\\/www.behance.net\\\/giuseppeberni\"]}]}<\/script>\n<!-- \/ Yoast SEO plugin. -->","yoast_head_json":{"title":"about | Visu4l studio grafico","description":"Visu4l - studio grafico a Terni. Strategie di comunicazione, realizzazione siti internet, brand design, logo design, advertising.","robots":{"index":"index","follow":"follow","max-snippet":"max-snippet:-1","max-image-preview":"max-image-preview:large","max-video-preview":"max-video-preview:-1"},"canonical":"https:\/\/www.visu4l.com\/en\/about\/","og_locale":"en_GB","og_type":"article","og_title":"about | Visu4l studio grafico","og_description":"Visu4l - studio grafico a Terni. Strategie di comunicazione, realizzazione siti internet, brand design, logo design, advertising.","og_url":"https:\/\/www.visu4l.com\/en\/about\/","og_site_name":"Visu4l studio grafico","article_publisher":"https:\/\/www.facebook.com\/visu4lstudio","article_modified_time":"2025-08-07T15:01:32+00:00","og_image":[{"width":696,"height":696,"url":"https:\/\/www.visu4l.com\/wp-content\/uploads\/2024\/02\/Visu4l-logo-2023-696.png","type":"image\/png"}],"twitter_card":"summary_large_image","twitter_misc":{"Estimated reading time":"3 minutes"},"schema":{"@context":"https:\/\/schema.org","@graph":[{"@type":"WebPage","@id":"https:\/\/www.visu4l.com\/about\/","url":"https:\/\/www.visu4l.com\/about\/","name":"about | Visu4l studio grafico","isPartOf":{"@id":"https:\/\/www.visu4l.com\/#website"},"primaryImageOfPage":{"@id":"https:\/\/www.visu4l.com\/about\/#primaryimage"},"image":{"@id":"https:\/\/www.visu4l.com\/about\/#primaryimage"},"thumbnailUrl":"https:\/\/www.visu4l.com\/wp-content\/uploads\/2024\/02\/Visu4l-logo-2023-696.png","datePublished":"2021-01-05T18:31:22+00:00","dateModified":"2025-08-07T15:01:32+00:00","description":"Visu4l - studio grafico a Terni. Strategie di comunicazione, realizzazione siti internet, brand design, logo design, advertising.","breadcrumb":{"@id":"https:\/\/www.visu4l.com\/about\/#breadcrumb"},"inLanguage":"en-GB","potentialAction":[{"@type":"ReadAction","target":["https:\/\/www.visu4l.com\/about\/"]}]},{"@type":"ImageObject","inLanguage":"en-GB","@id":"https:\/\/www.visu4l.com\/about\/#primaryimage","url":"https:\/\/www.visu4l.com\/wp-content\/uploads\/2024\/02\/Visu4l-logo-2023-696.png","contentUrl":"https:\/\/www.visu4l.com\/wp-content\/uploads\/2024\/02\/Visu4l-logo-2023-696.png","width":696,"height":696},{"@type":"BreadcrumbList","@id":"https:\/\/www.visu4l.com\/about\/#breadcrumb","itemListElement":[{"@type":"ListItem","position":1,"name":"Home","item":"https:\/\/www.visu4l.com\/"},{"@type":"ListItem","position":2,"name":"about"}]},{"@type":"WebSite","@id":"https:\/\/www.visu4l.com\/#website","url":"https:\/\/www.visu4l.com\/","name":"Visu4l studio grafico","description":"graphic design | comunicazione | web design","publisher":{"@id":"https:\/\/www.visu4l.com\/#organization"},"alternateName":"Visu4l design","potentialAction":[{"@type":"SearchAction","target":{"@type":"EntryPoint","urlTemplate":"https:\/\/www.visu4l.com\/?s={search_term_string}"},"query-input":{"@type":"PropertyValueSpecification","valueRequired":true,"valueName":"search_term_string"}}],"inLanguage":"en-GB"},{"@type":"Organization","@id":"https:\/\/www.visu4l.com\/#organization","name":"VISU4L","alternateName":"Visu4l design","url":"https:\/\/www.visu4l.com\/","logo":{"@type":"ImageObject","inLanguage":"en-GB","@id":"https:\/\/www.visu4l.com\/#\/schema\/logo\/image\/","url":"https:\/\/www.visu4l.com\/wp-content\/uploads\/2024\/02\/Visu4l-logo-2023-696-nero.png","contentUrl":"https:\/\/www.visu4l.com\/wp-content\/uploads\/2024\/02\/Visu4l-logo-2023-696-nero.png","width":696,"height":696,"caption":"VISU4L"},"image":{"@id":"https:\/\/www.visu4l.com\/#\/schema\/logo\/image\/"},"sameAs":["https:\/\/www.facebook.com\/visu4lstudio","https:\/\/www.instagram.com\/visu4lstudio\/","https:\/\/www.linkedin.com\/company\/80975969\/admin\/","https:\/\/www.behance.net\/giuseppeberni"]}]}},"_links":{"self":[{"href":"https:\/\/www.visu4l.com\/en\/wp-json\/wp\/v2\/pages\/637","targetHints":{"allow":["GET"]}}],"collection":[{"href":"https:\/\/www.visu4l.com\/en\/wp-json\/wp\/v2\/pages"}],"about":[{"href":"https:\/\/www.visu4l.com\/en\/wp-json\/wp\/v2\/types\/page"}],"author":[{"embeddable":true,"href":"https:\/\/www.visu4l.com\/en\/wp-json\/wp\/v2\/users\/1"}],"replies":[{"embeddable":true,"href":"https:\/\/www.visu4l.com\/en\/wp-json\/wp\/v2\/comments?post=637"}],"version-history":[{"count":126,"href":"https:\/\/www.visu4l.com\/en\/wp-json\/wp\/v2\/pages\/637\/revisions"}],"predecessor-version":[{"id":3803,"href":"https:\/\/www.visu4l.com\/en\/wp-json\/wp\/v2\/pages\/637\/revisions\/3803"}],"wp:featuredmedia":[{"embeddable":true,"href":"https:\/\/www.visu4l.com\/en\/wp-json\/wp\/v2\/media\/3218"}],"wp:attachment":[{"href":"https:\/\/www.visu4l.com\/en\/wp-json\/wp\/v2\/media?parent=637"}],"curies":[{"name":"wp","href":"https:\/\/api.w.org\/{rel}","templated":true}]}}